{"id":1475,"date":"2025-08-07T14:42:22","date_gmt":"2025-08-07T12:42:22","guid":{"rendered":"https:\/\/www.diverdesign.ch\/?page_id=1475"},"modified":"2025-09-18T15:18:11","modified_gmt":"2025-09-18T13:18:11","slug":"datenschutz","status":"publish","type":"page","link":"https:\/\/www.diverdesign.ch\/es\/datenschutz\/","title":{"rendered":"datenschutz"},"content":{"rendered":"<div data-elementor-type=\"wp-page\" data-elementor-id=\"1475\" class=\"elementor elementor-1475\" data-elementor-post-type=\"page\">\n\t\t\t\t<div class=\"elementor-element elementor-element-e9c5b89 e-flex e-con-boxed e-con e-parent\" data-id=\"e9c5b89\" data-element_type=\"container\" data-e-type=\"container\" data-settings=\"{&quot;background_background&quot;:&quot;classic&quot;}\">\n\t\t\t\t\t<div class=\"e-con-inner\">\n\t\t\t\t<div class=\"elementor-element elementor-element-957e902 elementor-widget elementor-widget-heading\" data-id=\"957e902\" data-element_type=\"widget\" data-e-type=\"widget\" data-widget_type=\"heading.default\">\n\t\t\t\t<div class=\"elementor-widget-container\">\n\t\t\t\t\t<h2 class=\"elementor-heading-title elementor-size-default\">Pie de imprenta y protecci\u00f3n de datos<\/h2>\t\t\t\t<\/div>\n\t\t\t\t<\/div>\n\t\t\t\t\t<\/div>\n\t\t\t\t<\/div>\n\t\t<div class=\"elementor-element elementor-element-0645955 e-flex e-con-boxed e-con e-parent\" data-id=\"0645955\" data-element_type=\"container\" data-e-type=\"container\" data-settings=\"{&quot;background_background&quot;:&quot;classic&quot;}\">\n\t\t\t\t\t<div class=\"e-con-inner\">\n\t\t\t\t<div class=\"elementor-element elementor-element-fb57e09 elementor-widget elementor-widget-menu-anchor\" data-id=\"fb57e09\" data-element_type=\"widget\" data-e-type=\"widget\" data-widget_type=\"menu-anchor.default\">\n\t\t\t\t<div class=\"elementor-widget-container\">\n\t\t\t\t\t\t\t<div class=\"elementor-menu-anchor\" id=\"impressum\"><\/div>\n\t\t\t\t\t\t<\/div>\n\t\t\t\t<\/div>\n\t\t\t\t<div class=\"elementor-element elementor-element-44a9aab elementor-widget elementor-widget-heading\" data-id=\"44a9aab\" data-element_type=\"widget\" data-e-type=\"widget\" data-widget_type=\"heading.default\">\n\t\t\t\t<div class=\"elementor-widget-container\">\n\t\t\t\t\t<h2 class=\"elementor-heading-title elementor-size-default\">Pie de imprenta<\/h2>\t\t\t\t<\/div>\n\t\t\t\t<\/div>\n\t\t<div class=\"elementor-element elementor-element-173c7f7 e-flex e-con-boxed e-con e-child\" data-id=\"173c7f7\" data-element_type=\"container\" data-e-type=\"container\">\n\t\t\t\t\t<div class=\"e-con-inner\">\n\t\t<div class=\"elementor-element elementor-element-34397ff e-flex e-con-boxed e-con e-child\" data-id=\"34397ff\" data-element_type=\"container\" data-e-type=\"container\">\n\t\t\t\t\t<div class=\"e-con-inner\">\n\t\t\t\t<div class=\"elementor-element elementor-element-d9e6ced elementor-widget elementor-widget-heading\" data-id=\"d9e6ced\" data-element_type=\"widget\" data-e-type=\"widget\" data-widget_type=\"heading.default\">\n\t\t\t\t<div class=\"elementor-widget-container\">\n\t\t\t\t\t<h2 class=\"elementor-heading-title elementor-size-default\">Responsable del contenido<\/h2>\t\t\t\t<\/div>\n\t\t\t\t<\/div>\n\t\t\t\t<div class=\"elementor-element elementor-element-475 elementor-widget elementor-widget-global elementor-global-475 elementor-widget-text-editor\" data-id=\"475\" data-element_type=\"widget\" data-e-type=\"widget\" data-widget_type=\"text-editor.default\">\n\t\t\t\t<div class=\"elementor-widget-container\">\n\t\t\t\t\t\t\t\t\t<p><strong>Joyas de titanio DIVERDESIGN<\/strong><br \/>Tecnolog\u00eda Hafner<br data-start=\"3853\" data-end=\"3856\" \/>Grundstrasse 22b<br data-start=\"3872\" data-end=\"3875\" \/>6343 Rotkreuz<br data-start=\"3888\" data-end=\"3891\" \/>Suiza<\/p><p><span id=\"cloak10621\"><span id=\"cloak741cbaa8140f688535e708da10a470fd\"><a href=\"mailto:info@diverdesign.ch\">info@diverdesign.ch<\/a><\/span><\/span><\/p>\t\t\t\t\t\t\t\t<\/div>\n\t\t\t\t<\/div>\n\t\t\t\t\t<\/div>\n\t\t\t\t<\/div>\n\t\t<div class=\"elementor-element elementor-element-52d1966 e-flex e-con-boxed e-con e-child\" data-id=\"52d1966\" data-element_type=\"container\" data-e-type=\"container\">\n\t\t\t\t\t<div class=\"e-con-inner\">\n\t\t\t\t<div class=\"elementor-element elementor-element-299ac13 elementor-widget elementor-widget-heading\" data-id=\"299ac13\" data-element_type=\"widget\" data-e-type=\"widget\" data-widget_type=\"heading.default\">\n\t\t\t\t<div class=\"elementor-widget-container\">\n\t\t\t\t\t<h2 class=\"elementor-heading-title elementor-size-default\">Dise\u00f1o y realizaci\u00f3n<\/h2>\t\t\t\t<\/div>\n\t\t\t\t<\/div>\n\t\t\t\t<div class=\"elementor-element elementor-element-7e01cf9 elementor-widget elementor-widget-text-editor\" data-id=\"7e01cf9\" data-element_type=\"widget\" data-e-type=\"widget\" data-widget_type=\"text-editor.default\">\n\t\t\t\t<div class=\"elementor-widget-container\">\n\t\t\t\t\t\t\t\t\t<p><strong>Mosggo<\/strong><br \/>Cheyenne Mosko<br \/>Gadenzweg 16<br \/>7206 Igis-Landquart<\/p><p><a href=\"tel:+41 79 272 64 72\"><span class=\"LrzXr zdqRlf kno-fv\"><span aria-label=\"Llame al 079 630 32 70\">+41 79 272 64 72<\/span><\/span><\/a><br \/><a href=\"mailto:info@mosggo.ch\">info@mosggo.ch<\/a><\/p>\t\t\t\t\t\t\t\t<\/div>\n\t\t\t\t<\/div>\n\t\t\t\t\t<\/div>\n\t\t\t\t<\/div>\n\t\t\t\t\t<\/div>\n\t\t\t\t<\/div>\n\t\t\t\t\t<\/div>\n\t\t\t\t<\/div>\n\t\t<div class=\"elementor-element elementor-element-2c5dcf5 e-flex e-con-boxed e-con e-parent\" data-id=\"2c5dcf5\" data-element_type=\"container\" data-e-type=\"container\" data-settings=\"{&quot;background_background&quot;:&quot;classic&quot;}\">\n\t\t\t\t\t<div class=\"e-con-inner\">\n\t\t\t\t<div class=\"elementor-element elementor-element-a16e535 elementor-widget elementor-widget-heading\" data-id=\"a16e535\" data-element_type=\"widget\" data-e-type=\"widget\" data-widget_type=\"heading.default\">\n\t\t\t\t<div class=\"elementor-widget-container\">\n\t\t\t\t\t<h2 class=\"elementor-heading-title elementor-size-default\">Copyright<\/h2>\t\t\t\t<\/div>\n\t\t\t\t<\/div>\n\t\t\t\t<div class=\"elementor-element elementor-element-073f157 elementor-widget elementor-widget-text-editor\" data-id=\"073f157\" data-element_type=\"widget\" data-e-type=\"widget\" data-widget_type=\"text-editor.default\">\n\t\t\t\t<div class=\"elementor-widget-container\">\n\t\t\t\t\t\t\t\t\t<p>Todos los textos, im\u00e1genes, gr\u00e1ficos y otros contenidos de este sitio web y su disposici\u00f3n est\u00e1n protegidos por derechos de autor y otras leyes de protecci\u00f3n. Queda prohibida la reproducci\u00f3n, modificaci\u00f3n o utilizaci\u00f3n en otras publicaciones electr\u00f3nicas o impresas sin el consentimiento previo de DiverDesign (Hafner-Technik).<\/p><p>Im\u00e1genes y medios:<br \/><a href=\"https:\/\/www.diverdesign.ch\/es\/\">diverdesign<\/a><br \/><a href=\"https:\/\/nerd-photography.ch\/\" target=\"_blank\" rel=\"noopener\">nerd-fotograf\u00eda<\/a><\/p>\t\t\t\t\t\t\t\t<\/div>\n\t\t\t\t<\/div>\n\t\t\t\t\t<\/div>\n\t\t\t\t<\/div>\n\t\t<div class=\"elementor-element elementor-element-e632ac6 e-flex e-con-boxed e-con e-parent\" data-id=\"e632ac6\" data-element_type=\"container\" data-e-type=\"container\" data-settings=\"{&quot;background_background&quot;:&quot;classic&quot;}\">\n\t\t\t\t\t<div class=\"e-con-inner\">\n\t\t\t\t<div class=\"elementor-element elementor-element-6269421 elementor-widget elementor-widget-menu-anchor\" data-id=\"6269421\" data-element_type=\"widget\" data-e-type=\"widget\" data-widget_type=\"menu-anchor.default\">\n\t\t\t\t<div class=\"elementor-widget-container\">\n\t\t\t\t\t\t\t<div class=\"elementor-menu-anchor\" id=\"datenschutz\"><\/div>\n\t\t\t\t\t\t<\/div>\n\t\t\t\t<\/div>\n\t\t\t\t<div class=\"elementor-element elementor-element-cbda249 elementor-widget elementor-widget-heading\" data-id=\"cbda249\" data-element_type=\"widget\" data-e-type=\"widget\" data-widget_type=\"heading.default\">\n\t\t\t\t<div class=\"elementor-widget-container\">\n\t\t\t\t\t<h2 class=\"elementor-heading-title elementor-size-default\">Protecci\u00f3n de datos<\/h2>\t\t\t\t<\/div>\n\t\t\t\t<\/div>\n\t\t<div class=\"elementor-element elementor-element-b5563ba e-con-full e-flex e-con e-child\" data-id=\"b5563ba\" data-element_type=\"container\" data-e-type=\"container\" data-settings=\"{&quot;background_background&quot;:&quot;gradient&quot;}\">\n\t\t\t\t<div class=\"elementor-element elementor-element-a020d27 elementor-widget elementor-widget-text-editor\" data-id=\"a020d27\" data-element_type=\"widget\" data-e-type=\"widget\" data-widget_type=\"text-editor.default\">\n\t\t\t\t<div class=\"elementor-widget-container\">\n\t\t\t\t\t\t\t\t\t<p data-start=\"881\" data-end=\"1023\"><strong data-start=\"881\" data-end=\"899\">1. informaci\u00f3n general<\/strong><br data-start=\"899\" data-end=\"902\" \/>Esta pol\u00edtica de privacidad se aplica al sitio web <em data-start=\"955\" data-end=\"971\">diverdesign.ch<\/em> (en lo sucesivo, el \u201eSitio Web\u201c), gestionado por:<\/p><p data-start=\"1025\" data-end=\"1119\">Tecnolog\u00eda Hafner<br data-start=\"1039\" data-end=\"1042\" \/>Grundstrasse 22b<br data-start=\"1058\" data-end=\"1061\" \/>6343 Rotkreuz<br data-start=\"1074\" data-end=\"1077\" \/>Suiza<br data-start=\"1084\" data-end=\"1087\" \/>E-Mail: <a class=\"cursor-pointer\" rel=\"noopener\" data-start=\"1095\" data-end=\"1117\">info@hafner-technik.ch<\/a><\/p><p data-start=\"1121\" data-end=\"1277\">Nos comprometemos a proteger sus datos personales de conformidad con la legislaci\u00f3n aplicable en materia de protecci\u00f3n de datos de Suiza (DSG) y de la Uni\u00f3n Europea (DSGVO).<\/p><p data-start=\"1279\" data-end=\"1339\"><strong data-start=\"1279\" data-end=\"1337\">2. recogida y uso de datos personales<\/strong><\/p><p data-start=\"1341\" data-end=\"1648\"><strong data-start=\"1341\" data-end=\"1382\">2.1 Tipos de datos personales<\/strong><br data-start=\"1382\" data-end=\"1385\" \/>Podemos recopilar distintos tipos de datos<br data-start=\"1444\" data-end=\"1447\" \/>- Datos de identificaci\u00f3n (nombre, direcci\u00f3n, direcci\u00f3n de correo electr\u00f3nico, n\u00famero de tel\u00e9fono)<br data-start=\"1516\" data-end=\"1519\" \/>- Datos del pedido (productos adquiridos, informaci\u00f3n de pago)<br data-start=\"1576\" data-end=\"1579\" \/>- Informaci\u00f3n t\u00e9cnica (direcci\u00f3n IP, tipo de navegador, sistema operativo)<\/p><p data-start=\"1650\" data-end=\"1973\"><strong data-start=\"1650\" data-end=\"1682\">2.2 Finalidad de la recogida de datos<\/strong><br data-start=\"1682\" data-end=\"1685\" \/>Tratamos sus datos para los siguientes fines:<br data-start=\"1733\" data-end=\"1736\" \/>- Tramitaci\u00f3n de pedidos y entregas<br data-start=\"1781\" data-end=\"1784\" \/>- Comunicaci\u00f3n con el cliente (por ejemplo, confirmaci\u00f3n de pedidos, asistencia)<br data-start=\"1841\" data-end=\"1844\" \/>- Cumplimiento de obligaciones legales (por ejemplo, obligaciones fiscales y de retenci\u00f3n)<br data-start=\"1920\" data-end=\"1923\" \/>- Mejora de nuestra oferta y del sitio web<\/p><p data-start=\"1975\" data-end=\"2237\"><strong data-start=\"1975\" data-end=\"2015\">3. cookies y tecnolog\u00edas similares<\/strong><\/p><p data-start=\"207\" data-end=\"434\">En nuestro sitio web <strong data-start=\"235\" data-end=\"246\">Cookies<\/strong> que son absolutamente necesarias para el funcionamiento de la tienda en l\u00ednea. Entre ellas se incluyen, por ejemplo, las cookies que guardan la cesta de la compra o gestionan la sesi\u00f3n de un usuario.<\/p><p data-start=\"436\" data-end=\"452\">Estas galletas:<\/p><ul data-start=\"453\" data-end=\"733\"><li data-start=\"453\" data-end=\"502\"><p data-start=\"455\" data-end=\"502\">son <strong data-start=\"460\" data-end=\"499\">necesarios para el uso de la tienda<\/strong>,<\/p><\/li><li data-start=\"503\" data-end=\"566\"><p data-start=\"505\" data-end=\"566\">guardar <strong data-start=\"515\" data-end=\"543\">sin datos personales<\/strong> fuera de la tienda,<\/p><\/li><li data-start=\"567\" data-end=\"733\"><p data-start=\"569\" data-end=\"733\">werden <strong data-start=\"576\" data-end=\"600\">borrado autom\u00e1tico<\/strong>, en cuanto finaliza la sesi\u00f3n (cookies de sesi\u00f3n) o tras un periodo de tiempo definido (cookies persistentes, por ejemplo, para la cesta de la compra).<\/p><\/li><\/ul><p data-start=\"735\" data-end=\"844\"><strong data-start=\"735\" data-end=\"747\">Nota:<\/strong> No puede desactivar estas cookies sin restringir la funcionalidad de la tienda.<\/p><p data-start=\"1975\" data-end=\"2237\">Puede desactivar las cookies en su navegador, pero esto restringir\u00e1 su uso de la tienda.<\/p><p data-start=\"2239\" data-end=\"2575\"><strong data-start=\"2239\" data-end=\"2284\">4. divulgaci\u00f3n de datos personales<\/strong><br data-start=\"2284\" data-end=\"2287\" \/>Sus datos s\u00f3lo se transmitir\u00e1n si es necesario:<br data-start=\"2354\" data-end=\"2357\" \/>- a proveedores de servicios de pago (por ejemplo, PayPal, proveedores de tarjetas de cr\u00e9dito, Twint, bancos)<br data-start=\"2435\" data-end=\"2438\" \/>- a proveedores de servicios de env\u00edo y log\u00edstica (por ejemplo, Correos, DHL)<br data-start=\"2495\" data-end=\"2498\" \/>- a los proveedores de servicios inform\u00e1ticos\/de alojamiento para garantizar el funcionamiento del sitio web<\/p><p data-start=\"2577\" data-end=\"2633\">No se transmitir\u00e1 a terceros con fines publicitarios.<\/p><p data-start=\"2635\" data-end=\"2850\"><strong data-start=\"2635\" data-end=\"2657\">5. seguridad de los datos<\/strong><br data-start=\"2657\" data-end=\"2660\" \/>Adoptamos medidas t\u00e9cnicas y organizativas para proteger sus datos de p\u00e9rdidas, uso indebido, acceso no autorizado o divulgaci\u00f3n (incluidos cifrado SSL, cortafuegos y copias de seguridad).<\/p><p data-start=\"2852\" data-end=\"3089\"><strong data-start=\"2852\" data-end=\"2880\">6. almacenamiento de datos<\/strong><br data-start=\"2880\" data-end=\"2883\" \/>Los datos personales s\u00f3lo se almacenan durante el tiempo necesario para los fines indicados o mientras existan obligaciones legales de conservaci\u00f3n. A continuaci\u00f3n, los datos se suprimen o se convierten en an\u00f3nimos.<\/p><p data-start=\"3091\" data-end=\"3389\"><strong data-start=\"3091\" data-end=\"3129\">7 Derechos de los interesados<\/strong><br data-start=\"3129\" data-end=\"3132\" \/>Tienes derecho:<br data-start=\"3152\" data-end=\"3155\" \/>- a la informaci\u00f3n sobre sus datos almacenados<br data-start=\"3199\" data-end=\"3202\" \/>- para rectificaci\u00f3n o supresi\u00f3n<br data-start=\"3234\" data-end=\"3237\" \/>- a la limitaci\u00f3n del tratamiento<br data-start=\"3273\" data-end=\"3276\" \/>- oponerse al tratamiento<br data-start=\"3316\" data-end=\"3319\" \/>- sobre la portabilidad de datos<br data-start=\"3345\" data-end=\"3348\" \/>- Revocaci\u00f3n de autorizaciones concedidas<\/p><p data-start=\"3391\" data-end=\"3446\">Dirija sus consultas a <a class=\"cursor-pointer\" rel=\"noopener\" data-start=\"3422\" data-end=\"3444\">info@hafner-technik.ch<\/a><\/p><p data-start=\"3448\" data-end=\"3637\"><strong data-start=\"3448\" data-end=\"3493\">8. cambios en esta pol\u00edtica de privacidad<\/strong><br data-start=\"3493\" data-end=\"3496\" \/>Nos reservamos el derecho a modificar estas directrices en caso necesario. Se aplica la versi\u00f3n actual publicada en el sitio web.<\/p><p><strong>9. informaci\u00f3n de contacto<\/strong><\/p><p>Si tiene alguna pregunta, duda o queja sobre nuestras pr\u00e1cticas de privacidad o desea ejercer sus derechos, p\u00f3ngase en contacto con nosotros:<\/p>\t\t\t\t\t\t\t\t<\/div>\n\t\t\t\t<\/div>\n\t\t\t\t<div class=\"elementor-element elementor-element-475 elementor-widget elementor-widget-global elementor-global-475 elementor-widget-text-editor\" data-id=\"475\" data-element_type=\"widget\" data-e-type=\"widget\" data-widget_type=\"text-editor.default\">\n\t\t\t\t<div class=\"elementor-widget-container\">\n\t\t\t\t\t\t\t\t\t<p><strong>Joyas de titanio DIVERDESIGN<\/strong><br \/>Tecnolog\u00eda Hafner<br data-start=\"3853\" data-end=\"3856\" \/>Grundstrasse 22b<br data-start=\"3872\" data-end=\"3875\" \/>6343 Rotkreuz<br data-start=\"3888\" data-end=\"3891\" \/>Suiza<\/p><p><span id=\"cloak10621\"><span id=\"cloak741cbaa8140f688535e708da10a470fd\"><a href=\"mailto:info@diverdesign.ch\">info@diverdesign.ch<\/a><\/span><\/span><\/p>\t\t\t\t\t\t\t\t<\/div>\n\t\t\t\t<\/div>\n\t\t\t\t<div class=\"elementor-element elementor-element-6fe872f elementor-widget elementor-widget-text-editor\" data-id=\"6fe872f\" data-element_type=\"widget\" data-e-type=\"widget\" data-widget_type=\"text-editor.default\">\n\t\t\t\t<div class=\"elementor-widget-container\">\n\t\t\t\t\t\t\t\t\t<p>Cuando se ponga en contacto con nosotros, facil\u00edtenos sus datos de contacto completos e informaci\u00f3n suficiente para tramitar su consulta. Nos esforzaremos por responder a su consulta lo antes posible y resolver cualquier duda.<\/p>\t\t\t\t\t\t\t\t<\/div>\n\t\t\t\t<\/div>\n\t\t\t\t<\/div>\n\t\t\t\t\t<\/div>\n\t\t\t\t<\/div>\n\t\t<div class=\"elementor-element elementor-element-284be15 e-flex e-con-boxed e-con e-parent\" data-id=\"284be15\" data-element_type=\"container\" data-e-type=\"container\" data-settings=\"{&quot;background_background&quot;:&quot;classic&quot;}\">\n\t\t\t\t\t<div class=\"e-con-inner\">\n\t\t\t\t<div class=\"elementor-element elementor-element-bdaf5d9 elementor-widget elementor-widget-menu-anchor\" data-id=\"bdaf5d9\" data-element_type=\"widget\" data-e-type=\"widget\" data-widget_type=\"menu-anchor.default\">\n\t\t\t\t<div class=\"elementor-widget-container\">\n\t\t\t\t\t\t\t<div class=\"elementor-menu-anchor\" id=\"agb\"><\/div>\n\t\t\t\t\t\t<\/div>\n\t\t\t\t<\/div>\n\t\t\t\t<div class=\"elementor-element elementor-element-eaabe3d elementor-widget elementor-widget-heading\" data-id=\"eaabe3d\" data-element_type=\"widget\" data-e-type=\"widget\" data-widget_type=\"heading.default\">\n\t\t\t\t<div class=\"elementor-widget-container\">\n\t\t\t\t\t<h2 class=\"elementor-heading-title elementor-size-default\">Condiciones generales<\/h2>\t\t\t\t<\/div>\n\t\t\t\t<\/div>\n\t\t<div class=\"elementor-element elementor-element-86160de e-con-full e-flex e-con e-child\" data-id=\"86160de\" data-element_type=\"container\" data-e-type=\"container\" data-settings=\"{&quot;background_background&quot;:&quot;gradient&quot;}\">\n\t\t\t\t<div class=\"elementor-element elementor-element-a24c503 elementor-widget elementor-widget-text-editor\" data-id=\"a24c503\" data-element_type=\"widget\" data-e-type=\"widget\" data-widget_type=\"text-editor.default\">\n\t\t\t\t<div class=\"elementor-widget-container\">\n\t\t\t\t\t\t\t\t\t<ol><li><p data-start=\"3712\" data-end=\"3837\"><strong data-start=\"3712\" data-end=\"3734\">1. \u00e1mbito de aplicaci\u00f3n<\/strong><br data-start=\"3734\" data-end=\"3737\" \/>Estas CGC se aplican a todos los pedidos realizados a trav\u00e9s de la tienda en l\u00ednea <em data-start=\"3797\" data-end=\"3813\">diverdesign.ch<\/em>. El socio contractual es:<\/p><p data-start=\"3839\" data-end=\"3900\">Tecnolog\u00eda Hafner<br data-start=\"3853\" data-end=\"3856\" \/>Grundstrasse 22b<br data-start=\"3872\" data-end=\"3875\" \/>6343 Rotkreuz<br data-start=\"3888\" data-end=\"3891\" \/>Suiza<\/p><p data-start=\"3902\" data-end=\"4094\"><strong data-start=\"3902\" data-end=\"3926\">2. celebraci\u00f3n del contrato<\/strong><br data-start=\"3926\" data-end=\"3929\" \/>Al completar el pedido en la tienda en l\u00ednea, usted realiza un pedido vinculante con nosotros. El contrato se perfecciona en cuanto confirmamos su pedido por correo electr\u00f3nico.<\/p><p data-start=\"4096\" data-end=\"4422\"><strong data-start=\"4096\" data-end=\"4127\">3. precios y formas de pago<\/strong><br data-start=\"4127\" data-end=\"4130\" \/>- Todos los precios se indican en CHF.<br data-start=\"4166\" data-end=\"4169\" \/>- El IVA est\u00e1 incluido en el precio de los env\u00edos dentro de Suiza.<br data-start=\"4251\" data-end=\"4254\" \/>- En los pedidos internacionales, los derechos de aduana y los impuestos de importaci\u00f3n corren a cargo del comprador.<br data-start=\"4347\" data-end=\"4350\" \/>- Los pagos pueden realizarse con tarjeta de cr\u00e9dito, PayPal o factura.<\/p><p data-start=\"4424\" data-end=\"4737\"><strong data-start=\"4424\" data-end=\"4450\">4. entrega y expedici\u00f3n<\/strong><br data-start=\"4450\" data-end=\"4453\" \/>- Las entregas se realizan en Suiza y a escala internacional.<br data-start=\"4507\" data-end=\"4510\" \/>- Los gastos de env\u00edo se muestran al realizar el pago.<br data-start=\"4559\" data-end=\"4562\" \/>- Plazo de entrega: en Suiza, de 4 a 6 semanas; en el resto del mundo, seg\u00fan el pa\u00eds de destino.<br data-start=\"4662\" data-end=\"4665\" \/>- El comprador asume el riesgo de los derechos de aduana y de importaci\u00f3n en el extranjero.<\/p><p data-start=\"4739\" data-end=\"5121\"><strong data-start=\"4739\" data-end=\"4765\">5. devoluci\u00f3n y anulaci\u00f3n<\/strong><br data-start=\"4765\" data-end=\"4768\" \/>- Los clientes de Suiza tienen derecho a devolver los productos a su cargo en un plazo de 14 d\u00edas a partir de la fecha de recepci\u00f3n, siempre que no hayan sido utilizados y est\u00e9n en su embalaje original.<br data-start=\"4933\" data-end=\"4936\" \/>- Los productos personalizados o los ajustes posteriores quedan excluidos del derecho de devoluci\u00f3n.<br data-start=\"5041\" data-end=\"5044\" \/>- Las devoluciones deben enviarse previamente por correo electr\u00f3nico a <a class=\"cursor-pointer\" rel=\"noopener\" data-start=\"5085\" data-end=\"5107\">info@hafner-technik.ch<\/a> para inscribirse.<\/p><p data-start=\"5123\" data-end=\"5486\"><strong data-start=\"5123\" data-end=\"5154\">6 Garant\u00eda y responsabilidad<\/strong><br data-start=\"5154\" data-end=\"5157\" \/>- Garantizamos que los productos entregados est\u00e1n libres de defectos.<br data-start=\"5230\" data-end=\"5233\" \/>- Si la mercanc\u00eda est\u00e1 defectuosa en el momento de la recepci\u00f3n, debe notificarse inmediatamente.<br data-start=\"5313\" data-end=\"5316\" \/>- En caso de defectos, a nuestra discreci\u00f3n, proporcionaremos un reemplazo, rectificaremos el defecto o reembolsaremos el precio de compra.<br data-start=\"5411\" data-end=\"5414\" \/>- No nos hacemos responsables de los da\u00f1os causados por un uso inadecuado.<\/p><p data-start=\"5488\" data-end=\"5592\"><strong data-start=\"5488\" data-end=\"5513\">7. reserva de dominio<\/strong><br data-start=\"5513\" data-end=\"5516\" \/>La mercanc\u00eda seguir\u00e1 siendo propiedad de Hafner-Technik hasta que se haya recibido el pago completo.<\/p><p data-start=\"5594\" data-end=\"5693\"><strong data-start=\"5594\" data-end=\"5612\">8. protecci\u00f3n de datos<\/strong><br data-start=\"5612\" data-end=\"5615\" \/>Se aplica nuestra pol\u00edtica de privacidad independiente (v\u00e9ase la pol\u00edtica de privacidad).<\/p><p data-start=\"5695\" data-end=\"5797\"><strong data-start=\"5695\" data-end=\"5735\">9. jurisdicci\u00f3n y ley aplicable<\/strong><br data-start=\"5735\" data-end=\"5738\" \/>Se aplica la legislaci\u00f3n suiza. El lugar de jurisdicci\u00f3n es Rotkreuz (ZG).<\/p><\/li><\/ol>\t\t\t\t\t\t\t\t<\/div>\n\t\t\t\t<\/div>\n\t\t\t\t<div class=\"elementor-element elementor-element-e8af782 elementor-widget elementor-widget-text-editor\" data-id=\"e8af782\" data-element_type=\"widget\" data-e-type=\"widget\" data-widget_type=\"text-editor.default\">\n\t\t\t\t<div class=\"elementor-widget-container\">\n\t\t\t\t\t\t\t\t\t<p>Cuando se ponga en contacto con nosotros, facil\u00edtenos sus datos de contacto completos e informaci\u00f3n suficiente para tramitar su consulta. Nos esforzaremos por responder a su consulta lo antes posible y resolver cualquier duda.<\/p>\t\t\t\t\t\t\t\t<\/div>\n\t\t\t\t<\/div>\n\t\t\t\t<\/div>\n\t\t\t\t\t<\/div>\n\t\t\t\t<\/div>\n\t\t\t\t<\/div>","protected":false},"excerpt":{"rendered":"<p>Impressum &amp; Datenschutz Impressum Verantwortlich f\u00fcr den Inhalt DIVERDESIGN TitanschmuckHafner-TechnikGrundstrasse 22b6343 RotkreuzSchweiz info@diverdesign.ch Design und Realistation MosggoCheyenne MoskoGadenzweg 167206 Igis-Landquart +41 79 272 64 72info@mosggo.ch Copyright S\u00e4mtliche Texte, Bilder, Grafiken und sonstige Inhalte dieser Website sowie deren Anordnung sind durch das Urheberrecht und andere Schutzgesetze gesch\u00fctzt. Eine Vervielf\u00e4ltigung, Ver\u00e4nderung oder Verwendung in anderen elektronischen oder [&hellip;]<\/p>\n","protected":false},"author":1,"featured_media":0,"parent":0,"menu_order":0,"comment_status":"closed","ping_status":"closed","template":"","meta":{"footnotes":""},"class_list":["post-1475","page","type-page","status-publish","hentry"],"_links":{"self":[{"href":"https:\/\/www.diverdesign.ch\/es\/wp-json\/wp\/v2\/pages\/1475","targetHints":{"allow":["GET"]}}],"collection":[{"href":"https:\/\/www.diverdesign.ch\/es\/wp-json\/wp\/v2\/pages"}],"about":[{"href":"https:\/\/www.diverdesign.ch\/es\/wp-json\/wp\/v2\/types\/page"}],"author":[{"embeddable":true,"href":"https:\/\/www.diverdesign.ch\/es\/wp-json\/wp\/v2\/users\/1"}],"replies":[{"embeddable":true,"href":"https:\/\/www.diverdesign.ch\/es\/wp-json\/wp\/v2\/comments?post=1475"}],"version-history":[{"count":53,"href":"https:\/\/www.diverdesign.ch\/es\/wp-json\/wp\/v2\/pages\/1475\/revisions"}],"predecessor-version":[{"id":2334,"href":"https:\/\/www.diverdesign.ch\/es\/wp-json\/wp\/v2\/pages\/1475\/revisions\/2334"}],"wp:attachment":[{"href":"https:\/\/www.diverdesign.ch\/es\/wp-json\/wp\/v2\/media?parent=1475"}],"curies":[{"name":"wp","href":"https:\/\/api.w.org\/{rel}","templated":true}]}}