{"id":70,"date":"2025-04-07T11:30:23","date_gmt":"2025-04-07T09:30:23","guid":{"rendered":"https:\/\/www.diverdesign.ch\/produkt\/retro-glass-jug-330-ml\/"},"modified":"2025-09-19T13:02:21","modified_gmt":"2025-09-19T11:02:21","slug":"ohrstecker-motiv","status":"publish","type":"product","link":"https:\/\/www.diverdesign.ch\/es\/shop\/ohrstecker-motiv\/","title":{"rendered":"Pendientes con motivo"},"content":{"rendered":"","protected":false},"excerpt":{"rendered":"<p data-start=\"96\" data-end=\"196\"><strong data-start=\"96\" data-end=\"120\">Pendientes de titanio<\/strong><br data-start=\"120\" data-end=\"123\" \/>Disponible en varios motivos y en gris, negro o dorado.<\/p>\n<p data-start=\"204\" data-end=\"288\">El precio es por pareja (sin circonitas c\u00fabicas). Las piezas individuales est\u00e1n disponibles bajo pedido.<\/p>\n<p data-start=\"296\" data-end=\"472\">Tambi\u00e9n disponible con circonitas c\u00fabicas o diamantes: En este caso, p\u00f3ngase en contacto con nosotros personalmente para hablar del tama\u00f1o, el n\u00famero, el color y la colocaci\u00f3n de las piedras.<\/p>\n<p data-start=\"480\" data-end=\"602\">\u00bfTiene una idea propia? Escr\u00edbanos a <strong data-start=\"535\" data-end=\"558\"><a class=\"decorated-link cursor-pointer\" href=\"mailto:info@diverdesign.ch\" rel=\"noopener\" data-start=\"537\" data-end=\"556\">info@diverdesign.ch<\/a><\/strong> - Somos conscientes de sus deseos individuales.<\/p>","protected":false},"featured_media":313,"template":"","meta":[],"product_brand":[],"product_cat":[29],"product_tag":[],"class_list":{"0":"post-70","1":"product","2":"type-product","3":"status-publish","4":"has-post-thumbnail","6":"product_cat-ohrschmuck","8":"first","9":"instock","10":"sold-individually","11":"taxable","12":"shipping-taxable","13":"purchasable","14":"product-type-variable"},"_links":{"self":[{"href":"https:\/\/www.diverdesign.ch\/es\/wp-json\/wp\/v2\/product\/70","targetHints":{"allow":["GET"]}}],"collection":[{"href":"https:\/\/www.diverdesign.ch\/es\/wp-json\/wp\/v2\/product"}],"about":[{"href":"https:\/\/www.diverdesign.ch\/es\/wp-json\/wp\/v2\/types\/product"}],"wp:featuredmedia":[{"embeddable":true,"href":"https:\/\/www.diverdesign.ch\/es\/wp-json\/wp\/v2\/media\/313"}],"wp:attachment":[{"href":"https:\/\/www.diverdesign.ch\/es\/wp-json\/wp\/v2\/media?parent=70"}],"wp:term":[{"taxonomy":"product_brand","embeddable":true,"href":"https:\/\/www.diverdesign.ch\/es\/wp-json\/wp\/v2\/product_brand?post=70"},{"taxonomy":"product_cat","embeddable":true,"href":"https:\/\/www.diverdesign.ch\/es\/wp-json\/wp\/v2\/product_cat?post=70"},{"taxonomy":"product_tag","embeddable":true,"href":"https:\/\/www.diverdesign.ch\/es\/wp-json\/wp\/v2\/product_tag?post=70"}],"curies":[{"name":"wp","href":"https:\/\/api.w.org\/{rel}","templated":true}]}}