{"id":76,"date":"2025-04-07T11:30:32","date_gmt":"2025-04-07T09:30:32","guid":{"rendered":"https:\/\/www.diverdesign.ch\/produkt\/3-speed-bike\/"},"modified":"2025-09-15T16:51:28","modified_gmt":"2025-09-15T14:51:28","slug":"fingerring-motiv-eingesenkt","status":"publish","type":"product","link":"https:\/\/www.diverdesign.ch\/es\/shop\/fingerring-motiv-eingesenkt\/","title":{"rendered":"Motivo de anillo de dedo avellanado"},"content":{"rendered":"","protected":false},"excerpt":{"rendered":"<p><strong data-start=\"105\" data-end=\"163\">Cada uno de estos anillos se fabrica individualmente para usted.<\/strong><br data-start=\"594\" data-end=\"597\" \/>Tambi\u00e9n podemos a\u00f1adir un segundo o tercer motivo. Env\u00edenos el motivo o motivos que desee por correo electr\u00f3nico a <strong data-start=\"687\" data-end=\"710\"><a class=\"decorated-link cursor-pointer\" href=\"mailto:info@diverdesign.ch\" rel=\"noopener\" data-start=\"689\" data-end=\"708\">info@diverdesign.ch<\/a><\/strong>, y juntos encontraremos la mejor realizaci\u00f3n.<\/p>\n<p>Recargo por motivo adicional + CHF 100,00<\/p>\n<p>En cuanto hayamos recibido su pedido, nos pondremos en contacto con usted para determinar la talla y la anchura correctas de su anillo.<\/p>","protected":false},"featured_media":308,"template":"","meta":[],"product_brand":[],"product_cat":[27],"product_tag":[],"class_list":{"0":"post-76","1":"product","2":"type-product","3":"status-publish","4":"has-post-thumbnail","6":"product_cat-ringe","8":"first","9":"instock","10":"taxable","11":"shipping-taxable","12":"purchasable","13":"product-type-variable"},"_links":{"self":[{"href":"https:\/\/www.diverdesign.ch\/es\/wp-json\/wp\/v2\/product\/76","targetHints":{"allow":["GET"]}}],"collection":[{"href":"https:\/\/www.diverdesign.ch\/es\/wp-json\/wp\/v2\/product"}],"about":[{"href":"https:\/\/www.diverdesign.ch\/es\/wp-json\/wp\/v2\/types\/product"}],"wp:featuredmedia":[{"embeddable":true,"href":"https:\/\/www.diverdesign.ch\/es\/wp-json\/wp\/v2\/media\/308"}],"wp:attachment":[{"href":"https:\/\/www.diverdesign.ch\/es\/wp-json\/wp\/v2\/media?parent=76"}],"wp:term":[{"taxonomy":"product_brand","embeddable":true,"href":"https:\/\/www.diverdesign.ch\/es\/wp-json\/wp\/v2\/product_brand?post=76"},{"taxonomy":"product_cat","embeddable":true,"href":"https:\/\/www.diverdesign.ch\/es\/wp-json\/wp\/v2\/product_cat?post=76"},{"taxonomy":"product_tag","embeddable":true,"href":"https:\/\/www.diverdesign.ch\/es\/wp-json\/wp\/v2\/product_tag?post=76"}],"curies":[{"name":"wp","href":"https:\/\/api.w.org\/{rel}","templated":true}]}}